{"id":2387,"date":"2024-10-31T17:20:39","date_gmt":"2024-10-31T16:20:39","guid":{"rendered":"https:\/\/bordeauxgsef2025.org\/?page_id=2387"},"modified":"2025-10-14T18:24:46","modified_gmt":"2025-10-14T16:24:46","slug":"les-parcours-territoriaux","status":"publish","type":"page","link":"https:\/\/dev.bordeauxgsef2025.org\/es\/les-parcours-territoriaux\/","title":{"rendered":"Itinerarios regionales"},"content":{"rendered":"<div style=\"height:20px\" aria-hidden=\"true\" class=\"wp-block-spacer\"><\/div>\n\n\n<div class=\"yoast-breadcrumbs\"><span><span><a href=\"https:\/\/dev.bordeauxgsef2025.org\/es\/\">Inicio<\/a><\/span> \u00bb <span class=\"breadcrumb_last\" aria-current=\"page\"><strong>Itinerarios regionales<\/strong><\/span><\/span><\/div>\n\n\n<div style=\"height:20px\" aria-hidden=\"true\" class=\"wp-block-spacer\"><\/div>\n\n\n\n<h1 class=\"wp-block-heading\"><strong>Itinerarios regionales<\/strong><\/h1>\n\n\n\n<div class=\"wp-block-columns bloc-blanc  has-white-background-color has-background is-layout-flex wp-container-core-columns-is-layout-28f84493 wp-block-columns-is-layout-flex\">\n<div class=\"wp-block-column is-vertically-aligned-stretch is-layout-flow wp-block-column-is-layout-flow\" style=\"flex-basis:100%\">\n<h2 class=\"wp-block-heading\"><strong><mark style=\"background-color:rgba(0, 0, 0, 0);color:#cf2c43\" class=\"has-inline-color\">El d\u00eda antes del evento, el 28\nde octubre de 2025<\/mark> <\/strong><\/h2>\n\n\n\n<p><strong>La Regi\u00f3n Nueva Aquitania, el Departamento de Gironda y el CRESS Nouvelle-Aquitaine ofrecer\u00e1n 9 itinerarios regionales a los participantes.<\/strong> Se basan en los agentes locales y las autoridades locales. Brindar\u00e1n la oportunidad de conocer iniciativas y din\u00e1micas locales, descubriendo de paso un poco m\u00e1s sobre nuestra regi\u00f3n.<\/p>\n\n\n\n<div class=\"wp-block-columns is-layout-flex wp-container-core-columns-is-layout-28f84493 wp-block-columns-is-layout-flex\">\n<div class=\"wp-block-column is-layout-flow wp-block-column-is-layout-flow\">\n<h3 class=\"wp-block-heading has-medium-font-size\"><strong><mark style=\"background-color:rgba(0, 0, 0, 0);color:#1e4b98\" class=\"has-inline-color\">4 propuestas en Gironda:<\/mark><\/strong> <\/h3>\n\n\n\n<p>M\u00e9doc, Bassin d\u2019Arcachon &amp; Val de Leyre, Libournais, Sud-Gironde<\/p>\n\n\n\n<h3 class=\"wp-block-heading has-medium-font-size\"><strong><mark style=\"background-color:rgba(0, 0, 0, 0);color:#1e4b98\" class=\"has-inline-color\">5 propuestas para los departamentos vecinos<\/mark><\/strong><\/h3>\n\n\n\n<div style=\"height:10px\" aria-hidden=\"true\" class=\"wp-block-spacer\"><\/div>\n\n\n\n<p>&nbsp;<strong>Incluir\u00e1n lo siguiente:<\/strong><\/p>\n\n\n\n<ul class=\"wp-block-list\">\n<li>visitas a lugares emblem\u00e1ticos de la ESS en Gironda, con la participaci\u00f3n de los 3 polos rurales de ESS creados por el Departamento de Gironda y el Colectivo Territorial MAREES<\/li>\n\n\n\n<li>una \u00abAldea de iniciativas\u00bb sobre distintos temas en torno a agentes locales de la ESS<\/li>\n\n\n\n<li>encuentros con socios institucionales<\/li>\n<\/ul>\n<\/div>\n\n\n\n<div class=\"wp-block-column is-vertically-aligned-center is-layout-flow wp-block-column-is-layout-flow\">\n<figure class=\"wp-block-image size-large\"><img fetchpriority=\"high\" decoding=\"async\" width=\"1024\" height=\"622\" sizes=\"(max-width: 1024px) 100vw, 1024px\" src=\"https:\/\/dev.bordeauxgsef2025.org\/wp-content\/uploads\/2024\/11\/parcours-territorieaux-1024x622.png\" alt=\"\" class=\"wp-image-2468\" srcset=\"https:\/\/dev.bordeauxgsef2025.org\/wp-content\/uploads\/2024\/11\/parcours-territorieaux-1024x622.png 1024w, https:\/\/dev.bordeauxgsef2025.org\/wp-content\/uploads\/2024\/11\/parcours-territorieaux-300x182.png 300w, https:\/\/dev.bordeauxgsef2025.org\/wp-content\/uploads\/2024\/11\/parcours-territorieaux-768x467.png 768w, https:\/\/dev.bordeauxgsef2025.org\/wp-content\/uploads\/2024\/11\/parcours-territorieaux-18x12.png 18w, https:\/\/dev.bordeauxgsef2025.org\/wp-content\/uploads\/2024\/11\/parcours-territorieaux.png 1396w\" \/><\/figure>\n<\/div>\n<\/div>\n\n\n\n<div class=\"wp-block-columns blue has-background is-layout-flex wp-container-core-columns-is-layout-28f84493 wp-block-columns-is-layout-flex\" style=\"background-color:#1f4b9933\">\n<div class=\"wp-block-column is-layout-flow wp-block-column-is-layout-flow\">\n<p class=\"has-text-align-center has-text-color has-link-color wp-elements-8b605a6bdab1deebcfd7eefa8851febc\" style=\"color:#1e4b98;font-size:18px\"><strong>La inscripci\u00f3n se abrir\u00e1 al mismo tiempo que el Foro. El n\u00famero de participantes en cada curso ser\u00e1 limitado.<\/strong><\/p>\n<\/div>\n<\/div>\n<\/div>\n<\/div>","protected":false},"excerpt":{"rendered":"<p>Les parcours territoriaux La veille de l\u2019\u00e9v\u00e9nement, le 28 octobre 2025, 9 parcours territoriaux seront propos\u00e9s aux participants par la R\u00e9gion Nouvelle-Aquitaine, le D\u00e9partement de la Gironde et la CRESS Nouvelle-Aquitaine. Ils s\u2019appuient sur les acteurs, les actrices locaux et les collectivit\u00e9s locales. Ils permettront d\u2019aller \u00e0 la rencontre d\u2019initiatives et de dynamiques locales tout [&hellip;]<\/p>","protected":false},"author":1,"featured_media":0,"parent":0,"menu_order":0,"comment_status":"closed","ping_status":"closed","template":"","meta":{"_acf_changed":false,"advgb_blocks_editor_width":"","advgb_blocks_columns_visual_guide":"","footnotes":"[]"},"class_list":["post-2387","page","type-page","status-publish","hentry"],"acf":[],"yoast_head":"<!-- This site is optimized with the Yoast SEO plugin v25.9 - https:\/\/yoast.com\/wordpress\/plugins\/seo\/ -->\n<title>Les parcours territoriaux &#8226; FORUM MONDIAL DE l&#039;\u00c9CONOMIE SOCIALE ET SOLIDAIRE<\/title>\n<meta name=\"robots\" content=\"noindex, follow, max-snippet:-1, max-image-preview:large, max-video-preview:-1\" \/>\n<meta property=\"og:locale\" content=\"es_ES\" \/>\n<meta property=\"og:type\" content=\"article\" \/>\n<meta property=\"og:title\" content=\"Les parcours territoriaux &#8226; FORUM MONDIAL DE l&#039;\u00c9CONOMIE SOCIALE ET SOLIDAIRE\" \/>\n<meta property=\"og:description\" content=\"Les parcours territoriaux La veille de l\u2019\u00e9v\u00e9nement, le 28 octobre 2025, 9 parcours territoriaux seront propos\u00e9s aux participants par la R\u00e9gion Nouvelle-Aquitaine, le D\u00e9partement de la Gironde et la CRESS Nouvelle-Aquitaine. Ils s\u2019appuient sur les acteurs, les actrices locaux et les collectivit\u00e9s locales. Ils permettront d\u2019aller \u00e0 la rencontre d\u2019initiatives et de dynamiques locales tout [&hellip;]\" \/>\n<meta property=\"og:url\" content=\"https:\/\/dev.bordeauxgsef2025.org\/es\/les-parcours-territoriaux\/\" \/>\n<meta property=\"og:site_name\" content=\"FORUM MONDIAL DE l&#039;\u00c9CONOMIE SOCIALE ET SOLIDAIRE\" \/>\n<meta property=\"article:publisher\" content=\"https:\/\/www.facebook.com\/BordeauxGSEF2025\/\" \/>\n<meta property=\"article:modified_time\" content=\"2025-10-14T16:24:46+00:00\" \/>\n<meta property=\"og:image\" content=\"https:\/\/dev.bordeauxgsef2025.org\/wp-content\/uploads\/2024\/11\/parcours-territorieaux.png\" \/>\n\t<meta property=\"og:image:width\" content=\"1396\" \/>\n\t<meta property=\"og:image:height\" content=\"848\" \/>\n\t<meta property=\"og:image:type\" content=\"image\/png\" \/>\n<meta name=\"twitter:card\" content=\"summary_large_image\" \/>\n<meta name=\"twitter:site\" content=\"@BdxGSEF2025\" \/>\n<script type=\"application\/ld+json\" class=\"yoast-schema-graph\">{\"@context\":\"https:\/\/schema.org\",\"@graph\":[{\"@type\":\"WebPage\",\"@id\":\"https:\/\/dev.bordeauxgsef2025.org\/les-parcours-territoriaux\/\",\"url\":\"https:\/\/dev.bordeauxgsef2025.org\/les-parcours-territoriaux\/\",\"name\":\"Les parcours territoriaux &#8226; FORUM MONDIAL DE l&#039;\u00c9CONOMIE SOCIALE ET SOLIDAIRE\",\"isPartOf\":{\"@id\":\"https:\/\/dev.bordeauxgsef2025.org\/#website\"},\"primaryImageOfPage\":{\"@id\":\"https:\/\/dev.bordeauxgsef2025.org\/les-parcours-territoriaux\/#primaryimage\"},\"image\":{\"@id\":\"https:\/\/dev.bordeauxgsef2025.org\/les-parcours-territoriaux\/#primaryimage\"},\"thumbnailUrl\":\"https:\/\/dev.bordeauxgsef2025.org\/wp-content\/uploads\/2024\/11\/parcours-territorieaux-1024x622.png\",\"datePublished\":\"2024-10-31T16:20:39+00:00\",\"dateModified\":\"2025-10-14T16:24:46+00:00\",\"breadcrumb\":{\"@id\":\"https:\/\/dev.bordeauxgsef2025.org\/les-parcours-territoriaux\/#breadcrumb\"},\"inLanguage\":\"es\",\"potentialAction\":[{\"@type\":\"ReadAction\",\"target\":[\"https:\/\/dev.bordeauxgsef2025.org\/les-parcours-territoriaux\/\"]}]},{\"@type\":\"ImageObject\",\"inLanguage\":\"es\",\"@id\":\"https:\/\/dev.bordeauxgsef2025.org\/les-parcours-territoriaux\/#primaryimage\",\"url\":\"https:\/\/dev.bordeauxgsef2025.org\/wp-content\/uploads\/2024\/11\/parcours-territorieaux-1024x622.png\",\"contentUrl\":\"https:\/\/dev.bordeauxgsef2025.org\/wp-content\/uploads\/2024\/11\/parcours-territorieaux-1024x622.png\"},{\"@type\":\"BreadcrumbList\",\"@id\":\"https:\/\/dev.bordeauxgsef2025.org\/les-parcours-territoriaux\/#breadcrumb\",\"itemListElement\":[{\"@type\":\"ListItem\",\"position\":1,\"name\":\"Accueil\",\"item\":\"https:\/\/dev.bordeauxgsef2025.org\/\"},{\"@type\":\"ListItem\",\"position\":2,\"name\":\"Les parcours territoriaux\"}]},{\"@type\":\"WebSite\",\"@id\":\"https:\/\/dev.bordeauxgsef2025.org\/#website\",\"url\":\"https:\/\/dev.bordeauxgsef2025.org\/\",\"name\":\"FORUM MONDIAL DE l'\u00c9CONOMIE SOCIALE ET SOLIDAIRE\",\"description\":\"Bordeaux 29 30 31 Octobre 2025\",\"publisher\":{\"@id\":\"https:\/\/dev.bordeauxgsef2025.org\/#organization\"},\"alternateName\":\"BORDEAUX GSEF 225\",\"potentialAction\":[{\"@type\":\"SearchAction\",\"target\":{\"@type\":\"EntryPoint\",\"urlTemplate\":\"https:\/\/dev.bordeauxgsef2025.org\/?s={search_term_string}\"},\"query-input\":{\"@type\":\"PropertyValueSpecification\",\"valueRequired\":true,\"valueName\":\"search_term_string\"}}],\"inLanguage\":\"es\"},{\"@type\":\"Organization\",\"@id\":\"https:\/\/dev.bordeauxgsef2025.org\/#organization\",\"name\":\"FORUM MONDIAL DE l'\u00c9CONOMIE SOCIALE ET SOLIDAIRE\",\"alternateName\":\"Bordeaux Gsef 2025\",\"url\":\"https:\/\/dev.bordeauxgsef2025.org\/\",\"logo\":{\"@type\":\"ImageObject\",\"inLanguage\":\"es\",\"@id\":\"https:\/\/dev.bordeauxgsef2025.org\/#\/schema\/logo\/image\/\",\"url\":\"https:\/\/dev.bordeauxgsef2025.org\/wp-content\/uploads\/2024\/10\/logo-carre-gsef2025.png\",\"contentUrl\":\"https:\/\/dev.bordeauxgsef2025.org\/wp-content\/uploads\/2024\/10\/logo-carre-gsef2025.png\",\"width\":800,\"height\":800,\"caption\":\"FORUM MONDIAL DE l'\u00c9CONOMIE SOCIALE ET SOLIDAIRE\"},\"image\":{\"@id\":\"https:\/\/dev.bordeauxgsef2025.org\/#\/schema\/logo\/image\/\"},\"sameAs\":[\"https:\/\/www.facebook.com\/BordeauxGSEF2025\/\",\"https:\/\/x.com\/BdxGSEF2025\",\"https:\/\/www.linkedin.com\/company\/bordeaux-gsef-2025\/\",\"https:\/\/www.instagram.com\/bordeaux_gsef2025\/\"]}]}<\/script>\n<!-- \/ Yoast SEO plugin. -->","yoast_head_json":{"title":"Les parcours territoriaux &#8226; FORUM MONDIAL DE l&#039;\u00c9CONOMIE SOCIALE ET SOLIDAIRE","robots":{"index":"noindex","follow":"follow","max-snippet":"max-snippet:-1","max-image-preview":"max-image-preview:large","max-video-preview":"max-video-preview:-1"},"og_locale":"es_ES","og_type":"article","og_title":"Les parcours territoriaux &#8226; FORUM MONDIAL DE l&#039;\u00c9CONOMIE SOCIALE ET SOLIDAIRE","og_description":"Les parcours territoriaux La veille de l\u2019\u00e9v\u00e9nement, le 28 octobre 2025, 9 parcours territoriaux seront propos\u00e9s aux participants par la R\u00e9gion Nouvelle-Aquitaine, le D\u00e9partement de la Gironde et la CRESS Nouvelle-Aquitaine. Ils s\u2019appuient sur les acteurs, les actrices locaux et les collectivit\u00e9s locales. Ils permettront d\u2019aller \u00e0 la rencontre d\u2019initiatives et de dynamiques locales tout [&hellip;]","og_url":"https:\/\/dev.bordeauxgsef2025.org\/es\/les-parcours-territoriaux\/","og_site_name":"FORUM MONDIAL DE l&#039;\u00c9CONOMIE SOCIALE ET SOLIDAIRE","article_publisher":"https:\/\/www.facebook.com\/BordeauxGSEF2025\/","article_modified_time":"2025-10-14T16:24:46+00:00","og_image":[{"width":1396,"height":848,"url":"https:\/\/dev.bordeauxgsef2025.org\/wp-content\/uploads\/2024\/11\/parcours-territorieaux.png","type":"image\/png"}],"twitter_card":"summary_large_image","twitter_site":"@BdxGSEF2025","schema":{"@context":"https:\/\/schema.org","@graph":[{"@type":"WebPage","@id":"https:\/\/dev.bordeauxgsef2025.org\/les-parcours-territoriaux\/","url":"https:\/\/dev.bordeauxgsef2025.org\/les-parcours-territoriaux\/","name":"Les parcours territoriaux &#8226; FORUM MONDIAL DE l&#039;\u00c9CONOMIE SOCIALE ET SOLIDAIRE","isPartOf":{"@id":"https:\/\/dev.bordeauxgsef2025.org\/#website"},"primaryImageOfPage":{"@id":"https:\/\/dev.bordeauxgsef2025.org\/les-parcours-territoriaux\/#primaryimage"},"image":{"@id":"https:\/\/dev.bordeauxgsef2025.org\/les-parcours-territoriaux\/#primaryimage"},"thumbnailUrl":"https:\/\/dev.bordeauxgsef2025.org\/wp-content\/uploads\/2024\/11\/parcours-territorieaux-1024x622.png","datePublished":"2024-10-31T16:20:39+00:00","dateModified":"2025-10-14T16:24:46+00:00","breadcrumb":{"@id":"https:\/\/dev.bordeauxgsef2025.org\/les-parcours-territoriaux\/#breadcrumb"},"inLanguage":"es","potentialAction":[{"@type":"ReadAction","target":["https:\/\/dev.bordeauxgsef2025.org\/les-parcours-territoriaux\/"]}]},{"@type":"ImageObject","inLanguage":"es","@id":"https:\/\/dev.bordeauxgsef2025.org\/les-parcours-territoriaux\/#primaryimage","url":"https:\/\/dev.bordeauxgsef2025.org\/wp-content\/uploads\/2024\/11\/parcours-territorieaux-1024x622.png","contentUrl":"https:\/\/dev.bordeauxgsef2025.org\/wp-content\/uploads\/2024\/11\/parcours-territorieaux-1024x622.png"},{"@type":"BreadcrumbList","@id":"https:\/\/dev.bordeauxgsef2025.org\/les-parcours-territoriaux\/#breadcrumb","itemListElement":[{"@type":"ListItem","position":1,"name":"Accueil","item":"https:\/\/dev.bordeauxgsef2025.org\/"},{"@type":"ListItem","position":2,"name":"Les parcours territoriaux"}]},{"@type":"WebSite","@id":"https:\/\/dev.bordeauxgsef2025.org\/#website","url":"https:\/\/dev.bordeauxgsef2025.org\/","name":"FORUM MONDIAL DE l'\u00c9CONOMIE SOCIALE ET SOLIDAIRE","description":"Bordeaux 29 30 31 Octobre 2025","publisher":{"@id":"https:\/\/dev.bordeauxgsef2025.org\/#organization"},"alternateName":"BORDEAUX GSEF 225","potentialAction":[{"@type":"SearchAction","target":{"@type":"EntryPoint","urlTemplate":"https:\/\/dev.bordeauxgsef2025.org\/?s={search_term_string}"},"query-input":{"@type":"PropertyValueSpecification","valueRequired":true,"valueName":"search_term_string"}}],"inLanguage":"es"},{"@type":"Organization","@id":"https:\/\/dev.bordeauxgsef2025.org\/#organization","name":"FORUM MONDIAL DE l'\u00c9CONOMIE SOCIALE ET SOLIDAIRE","alternateName":"Bordeaux Gsef 2025","url":"https:\/\/dev.bordeauxgsef2025.org\/","logo":{"@type":"ImageObject","inLanguage":"es","@id":"https:\/\/dev.bordeauxgsef2025.org\/#\/schema\/logo\/image\/","url":"https:\/\/dev.bordeauxgsef2025.org\/wp-content\/uploads\/2024\/10\/logo-carre-gsef2025.png","contentUrl":"https:\/\/dev.bordeauxgsef2025.org\/wp-content\/uploads\/2024\/10\/logo-carre-gsef2025.png","width":800,"height":800,"caption":"FORUM MONDIAL DE l'\u00c9CONOMIE SOCIALE ET SOLIDAIRE"},"image":{"@id":"https:\/\/dev.bordeauxgsef2025.org\/#\/schema\/logo\/image\/"},"sameAs":["https:\/\/www.facebook.com\/BordeauxGSEF2025\/","https:\/\/x.com\/BdxGSEF2025","https:\/\/www.linkedin.com\/company\/bordeaux-gsef-2025\/","https:\/\/www.instagram.com\/bordeaux_gsef2025\/"]}]}},"coauthors":[],"author_meta":{"author_link":"https:\/\/dev.bordeauxgsef2025.org\/es\/author\/admin-ot\/","display_name":"admin-ot"},"relative_dates":{"created":"Publicado 1 a\u00f1o hace","modified":"Actualizado 6 meses hace"},"absolute_dates":{"created":"Publicado el 31 octubre 2024","modified":"Actualizado el 14 octubre 2025"},"absolute_dates_time":{"created":"Publicado el 31 octubre 2024 17h20","modified":"Actualizado el 14 octubre 2025 18h24"},"featured_img_caption":"","featured_img":false,"series_order":"","_links":{"self":[{"href":"https:\/\/dev.bordeauxgsef2025.org\/es\/wp-json\/wp\/v2\/pages\/2387","targetHints":{"allow":["GET"]}}],"collection":[{"href":"https:\/\/dev.bordeauxgsef2025.org\/es\/wp-json\/wp\/v2\/pages"}],"about":[{"href":"https:\/\/dev.bordeauxgsef2025.org\/es\/wp-json\/wp\/v2\/types\/page"}],"author":[{"embeddable":true,"href":"https:\/\/dev.bordeauxgsef2025.org\/es\/wp-json\/wp\/v2\/users\/1"}],"replies":[{"embeddable":true,"href":"https:\/\/dev.bordeauxgsef2025.org\/es\/wp-json\/wp\/v2\/comments?post=2387"}],"version-history":[{"count":39,"href":"https:\/\/dev.bordeauxgsef2025.org\/es\/wp-json\/wp\/v2\/pages\/2387\/revisions"}],"predecessor-version":[{"id":7429,"href":"https:\/\/dev.bordeauxgsef2025.org\/es\/wp-json\/wp\/v2\/pages\/2387\/revisions\/7429"}],"wp:attachment":[{"href":"https:\/\/dev.bordeauxgsef2025.org\/es\/wp-json\/wp\/v2\/media?parent=2387"}],"curies":[{"name":"wp","href":"https:\/\/api.w.org\/{rel}","templated":true}]}}